{"id":542,"date":"2018-05-04T11:12:34","date_gmt":"2018-05-04T10:12:34","guid":{"rendered":"https:\/\/skadimar.com\/pagina-principale\/"},"modified":"2025-05-13T10:59:05","modified_gmt":"2025-05-13T09:59:05","slug":"pagina-principale","status":"publish","type":"page","link":"https:\/\/skadimar.com\/it\/","title":{"rendered":"Pagina principale"},"content":{"rendered":"\t\t<div data-elementor-type=\"wp-post\" data-elementor-id=\"542\" class=\"elementor elementor-542 elementor-174\">\n\t\t\t\t<div class=\"elementor-element elementor-element-13b63de e-con-full e-flex e-con e-parent\" data-id=\"13b63de\" data-element_type=\"container\" data-e-type=\"container\" id=\"home\" data-settings=\"{&quot;jet_parallax_layout_list&quot;:[]}\">\n\t\t<div class=\"elementor-element elementor-element-7dbed7e e-flex e-con-boxed e-con e-child\" data-id=\"7dbed7e\" data-element_type=\"container\" data-e-type=\"container\" data-settings=\"{&quot;background_background&quot;:&quot;classic&quot;,&quot;jet_parallax_layout_list&quot;:[]}\">\n\t\t\t\t\t<div class=\"e-con-inner\">\n\t\t\t\t<div class=\"elementor-element elementor-element-0cd79ec elementor-widget elementor-widget-heading\" data-id=\"0cd79ec\" data-element_type=\"widget\" data-e-type=\"widget\" data-widget_type=\"heading.default\">\n\t\t\t\t<div class=\"elementor-widget-container\">\n\t\t\t\t\t<h1 class=\"elementor-heading-title elementor-size-default\">HVAC a un livello superiore<\/h1>\t\t\t\t<\/div>\n\t\t\t\t<\/div>\n\t\t\t\t<div class=\"elementor-element elementor-element-a2ef91a elementor-widget elementor-widget-heading\" data-id=\"a2ef91a\" data-element_type=\"widget\" data-e-type=\"widget\" data-widget_type=\"heading.default\">\n\t\t\t\t<div class=\"elementor-widget-container\">\n\t\t\t\t\t<span class=\"elementor-heading-title elementor-size-default\">Qualit\u00e0 Italiana, Innovazione Globale<\/span>\t\t\t\t<\/div>\n\t\t\t\t<\/div>\n\t\t\t\t<div class=\"elementor-element elementor-element-55fa9fb elementor-widget elementor-widget-button\" data-id=\"55fa9fb\" data-element_type=\"widget\" data-e-type=\"widget\" data-widget_type=\"button.default\">\n\t\t\t\t<div class=\"elementor-widget-container\">\n\t\t\t\t\t\t\t\t\t<div class=\"elementor-button-wrapper\">\n\t\t\t\t\t<a class=\"elementor-button elementor-button-link elementor-size-sm\" href=\"https:\/\/skadimar.com\/it\/contatti\/\">\n\t\t\t\t\t\t<span class=\"elementor-button-content-wrapper\">\n\t\t\t\t\t\t\t\t\t<span class=\"elementor-button-text\">Contattaci<\/span>\n\t\t\t\t\t<\/span>\n\t\t\t\t\t<\/a>\n\t\t\t\t<\/div>\n\t\t\t\t\t\t\t\t<\/div>\n\t\t\t\t<\/div>\n\t\t\t\t\t<\/div>\n\t\t\t\t<\/div>\n\t\t\t\t<\/div>\n\t\t<div class=\"elementor-element elementor-element-62ded47 e-flex e-con-boxed e-con e-parent\" data-id=\"62ded47\" data-element_type=\"container\" data-e-type=\"container\" data-settings=\"{&quot;jet_parallax_layout_list&quot;:[]}\">\n\t\t\t\t\t<div class=\"e-con-inner\">\n\t\t<div class=\"elementor-element elementor-element-615a9b0 e-con-full e-flex e-con e-child\" data-id=\"615a9b0\" data-element_type=\"container\" data-e-type=\"container\" data-settings=\"{&quot;jet_parallax_layout_list&quot;:[]}\">\n\t\t<div class=\"elementor-element elementor-element-5625408 e-con-full e-flex e-con e-child\" data-id=\"5625408\" data-element_type=\"container\" data-e-type=\"container\" data-settings=\"{&quot;jet_parallax_layout_list&quot;:[]}\">\n\t\t\t\t<div class=\"elementor-element elementor-element-9d4434a elementor-widget__width-initial elementor-widget elementor-widget-heading\" data-id=\"9d4434a\" data-element_type=\"widget\" data-e-type=\"widget\" data-widget_type=\"heading.default\">\n\t\t\t\t<div class=\"elementor-widget-container\">\n\t\t\t\t\t<span class=\"elementor-heading-title elementor-size-default\">Qualit\u00e0 senza compromessi<\/span>\t\t\t\t<\/div>\n\t\t\t\t<\/div>\n\t\t\t\t<div class=\"elementor-element elementor-element-df1397a elementor-widget__width-initial elementor-widget elementor-widget-heading\" data-id=\"df1397a\" data-element_type=\"widget\" data-e-type=\"widget\" data-widget_type=\"heading.default\">\n\t\t\t\t<div class=\"elementor-widget-container\">\n\t\t\t\t\t<span class=\"elementor-heading-title elementor-size-default\">per ogni progetto: dalla breve consulenza all'impegno complesso a lungo termine<\/span>\t\t\t\t<\/div>\n\t\t\t\t<\/div>\n\t\t\t\t<\/div>\n\t\t<div class=\"elementor-element elementor-element-ca0fdb2 e-con-full e-flex e-con e-child\" data-id=\"ca0fdb2\" data-element_type=\"container\" data-e-type=\"container\" data-settings=\"{&quot;jet_parallax_layout_list&quot;:[]}\">\n\t\t\t\t<div class=\"elementor-element elementor-element-a71dc4d elementor-widget__width-initial elementor-widget elementor-widget-heading\" data-id=\"a71dc4d\" data-element_type=\"widget\" data-e-type=\"widget\" data-widget_type=\"heading.default\">\n\t\t\t\t<div class=\"elementor-widget-container\">\n\t\t\t\t\t<span class=\"elementor-heading-title elementor-size-default\">Ingegnosit\u00e0 indiscutibile<\/span>\t\t\t\t<\/div>\n\t\t\t\t<\/div>\n\t\t\t\t<div class=\"elementor-element elementor-element-21c6939 elementor-widget__width-initial elementor-widget elementor-widget-heading\" data-id=\"21c6939\" data-element_type=\"widget\" data-e-type=\"widget\" data-widget_type=\"heading.default\">\n\t\t\t\t<div class=\"elementor-widget-container\">\n\t\t\t\t\t<span class=\"elementor-heading-title elementor-size-default\"> Soluzioni a 360\u00b0 per HVAC, refrigerazione ed energia<\/span>\t\t\t\t<\/div>\n\t\t\t\t<\/div>\n\t\t\t\t<\/div>\n\t\t\t\t<\/div>\n\t\t<div class=\"elementor-element elementor-element-5c40cd6 e-con-full e-flex e-con e-child\" data-id=\"5c40cd6\" data-element_type=\"container\" data-e-type=\"container\" data-settings=\"{&quot;jet_parallax_layout_list&quot;:[]}\">\n\t\t\t\t<div class=\"elementor-element elementor-element-996751e elementor-widget__width-initial elementor-widget elementor-widget-image\" data-id=\"996751e\" data-element_type=\"widget\" data-e-type=\"widget\" data-widget_type=\"image.default\">\n\t\t\t\t<div class=\"elementor-widget-container\">\n\t\t\t\t\t\t\t\t\t\t\t\t\t\t\t<img decoding=\"async\" src=\"https:\/\/skadimar.com\/wp-content\/uploads\/2025\/01\/051\u0432\u044b\u0430928.png\" title=\"\" alt=\"\" loading=\"lazy\" \/>\t\t\t\t\t\t\t\t\t\t\t\t\t\t\t<\/div>\n\t\t\t\t<\/div>\n\t\t\t\t<\/div>\n\t\t<div class=\"elementor-element elementor-element-66d43aa e-con-full e-flex e-con e-child\" data-id=\"66d43aa\" data-element_type=\"container\" data-e-type=\"container\" data-settings=\"{&quot;jet_parallax_layout_list&quot;:[]}\">\n\t\t<div class=\"elementor-element elementor-element-4322b85 e-con-full e-flex e-con e-child\" data-id=\"4322b85\" data-element_type=\"container\" data-e-type=\"container\" data-settings=\"{&quot;jet_parallax_layout_list&quot;:[]}\">\n\t\t\t\t<div class=\"elementor-element elementor-element-454f9b2 elementor-widget__width-initial elementor-widget elementor-widget-heading\" data-id=\"454f9b2\" data-element_type=\"widget\" data-e-type=\"widget\" data-widget_type=\"heading.default\">\n\t\t\t\t<div class=\"elementor-widget-container\">\n\t\t\t\t\t<span class=\"elementor-heading-title elementor-size-default\">Attenzione assoluta<\/span>\t\t\t\t<\/div>\n\t\t\t\t<\/div>\n\t\t\t\t<div class=\"elementor-element elementor-element-d18d3fa elementor-widget__width-initial elementor-widget elementor-widget-heading\" data-id=\"d18d3fa\" data-element_type=\"widget\" data-e-type=\"widget\" data-widget_type=\"heading.default\">\n\t\t\t\t<div class=\"elementor-widget-container\">\n\t\t\t\t\t<span class=\"elementor-heading-title elementor-size-default\">che si tratti di: PMI o societ\u00e0 globale<\/span>\t\t\t\t<\/div>\n\t\t\t\t<\/div>\n\t\t\t\t<\/div>\n\t\t\t\t<\/div>\n\t\t\t\t\t<\/div>\n\t\t\t\t<\/div>\n\t\t<div class=\"elementor-element elementor-element-f445a6d e-flex e-con-boxed e-con e-parent\" data-id=\"f445a6d\" data-element_type=\"container\" data-e-type=\"container\" id=\"about\" data-settings=\"{&quot;jet_parallax_layout_list&quot;:[{&quot;_id&quot;:&quot;d2b262a&quot;,&quot;jet_parallax_layout_speed&quot;:{&quot;unit&quot;:&quot;%&quot;,&quot;size&quot;:50,&quot;sizes&quot;:[]},&quot;jet_parallax_layout_image&quot;:{&quot;url&quot;:&quot;&quot;,&quot;id&quot;:&quot;&quot;,&quot;size&quot;:&quot;&quot;},&quot;jet_parallax_layout_image_tablet&quot;:{&quot;url&quot;:&quot;&quot;,&quot;id&quot;:&quot;&quot;,&quot;size&quot;:&quot;&quot;},&quot;jet_parallax_layout_image_mobile&quot;:{&quot;url&quot;:&quot;&quot;,&quot;id&quot;:&quot;&quot;,&quot;size&quot;:&quot;&quot;},&quot;jet_parallax_layout_type&quot;:&quot;scroll&quot;,&quot;jet_parallax_layout_direction&quot;:null,&quot;jet_parallax_layout_fx_direction&quot;:null,&quot;jet_parallax_layout_z_index&quot;:&quot;&quot;,&quot;jet_parallax_layout_bg_x&quot;:50,&quot;jet_parallax_layout_bg_x_tablet&quot;:&quot;&quot;,&quot;jet_parallax_layout_bg_x_mobile&quot;:&quot;&quot;,&quot;jet_parallax_layout_bg_y&quot;:50,&quot;jet_parallax_layout_bg_y_tablet&quot;:&quot;&quot;,&quot;jet_parallax_layout_bg_y_mobile&quot;:&quot;&quot;,&quot;jet_parallax_layout_bg_size&quot;:&quot;auto&quot;,&quot;jet_parallax_layout_bg_size_tablet&quot;:&quot;&quot;,&quot;jet_parallax_layout_bg_size_mobile&quot;:&quot;&quot;,&quot;jet_parallax_layout_animation_prop&quot;:&quot;transform&quot;,&quot;jet_parallax_layout_on&quot;:[&quot;desktop&quot;,&quot;tablet&quot;]}]}\">\n\t\t\t\t\t<div class=\"e-con-inner\">\n\t\t<div class=\"elementor-element elementor-element-66ce758 e-con-full e-flex e-con e-child\" data-id=\"66ce758\" data-element_type=\"container\" data-e-type=\"container\" data-settings=\"{&quot;jet_parallax_layout_list&quot;:[]}\">\n\t\t\t\t<div class=\"elementor-element elementor-element-83ceda2 elementor-invisible elementor-widget elementor-widget-heading\" data-id=\"83ceda2\" data-element_type=\"widget\" data-e-type=\"widget\" data-settings=\"{&quot;_animation&quot;:&quot;fadeInDown&quot;}\" data-widget_type=\"heading.default\">\n\t\t\t\t<div class=\"elementor-widget-container\">\n\t\t\t\t\t<span class=\"elementor-heading-title elementor-size-default\">SKADIMAR<\/span>\t\t\t\t<\/div>\n\t\t\t\t<\/div>\n\t\t\t\t<div class=\"elementor-element elementor-element-c7a6a84 elementor-widget elementor-widget-text-editor\" data-id=\"c7a6a84\" data-element_type=\"widget\" data-e-type=\"widget\" data-widget_type=\"text-editor.default\">\n\t\t\t\t<div class=\"elementor-widget-container\">\n\t\t\t\t\t\t\t\t\t<p><strong>SKADIMAR<\/strong> \u00e8 stata fondata da un visionario il <span style=\"font-weight: 400;\">cui sogno era<\/span> innovare <span style=\"font-weight: 400;\">l&#8217;industria<\/span> della climatizzazione e refrigerazione marina, senza perdere il contatto con la dura realt\u00e0 del lavoro necessario per mantenere operative le navi moderne.<\/p>\n<p>Ogni operatore a bordo ha bisogno di sistemi affidabili, resilienti, efficienti e facili da comprendere: questa perfetta combinazione \u00e8 la nostra missione.<\/p>\n<p>Le navi di nuova generazione offrono prestazioni elevate grazie al gran numero di sistemi interconnessi che lavorano insieme per recuperare e riutilizzare l&#8217;energia nel modo pi\u00f9 efficiente ed efficace possibile.<\/p>\n<p>Raggiungere efficienza ed efficacia attraverso la semplicit\u00e0 \u00e8 la perfezione ultima.<\/p>\n\t\t\t\t\t\t\t\t<\/div>\n\t\t\t\t<\/div>\n\t\t\t\t<\/div>\n\t\t<div class=\"elementor-element elementor-element-50fdd5a e-con-full e-flex e-con e-child\" data-id=\"50fdd5a\" data-element_type=\"container\" data-e-type=\"container\" data-settings=\"{&quot;jet_parallax_layout_list&quot;:[]}\">\n\t\t\t\t<div class=\"elementor-element elementor-element-e1a05b1 elementor-invisible elementor-widget elementor-widget-image\" data-id=\"e1a05b1\" data-element_type=\"widget\" data-e-type=\"widget\" data-settings=\"{&quot;_animation&quot;:&quot;fadeInRight&quot;}\" data-widget_type=\"image.default\">\n\t\t\t\t<div class=\"elementor-widget-container\">\n\t\t\t\t\t\t\t\t\t\t\t\t\t\t\t<img fetchpriority=\"high\" decoding=\"async\" width=\"800\" height=\"533\" src=\"https:\/\/skadimar.com\/wp-content\/uploads\/2025\/01\/\u0414\u0438\u0437\u0430\u0438\u0306\u043d-\u0431\u0444\u044b\u0432\u0444\u044b\u0432\u0435\u0437-\u043d\u0430\u0437\u0432\u0430\u043d\u0438\u044f-1024x682.jpg\" class=\"attachment-large size-large wp-image-257\" alt=\"\" srcset=\"https:\/\/skadimar.com\/wp-content\/uploads\/2025\/01\/\u0414\u0438\u0437\u0430\u0438\u0306\u043d-\u0431\u0444\u044b\u0432\u0444\u044b\u0432\u0435\u0437-\u043d\u0430\u0437\u0432\u0430\u043d\u0438\u044f-1024x682.jpg 1024w, https:\/\/skadimar.com\/wp-content\/uploads\/2025\/01\/\u0414\u0438\u0437\u0430\u0438\u0306\u043d-\u0431\u0444\u044b\u0432\u0444\u044b\u0432\u0435\u0437-\u043d\u0430\u0437\u0432\u0430\u043d\u0438\u044f-300x200.jpg 300w, https:\/\/skadimar.com\/wp-content\/uploads\/2025\/01\/\u0414\u0438\u0437\u0430\u0438\u0306\u043d-\u0431\u0444\u044b\u0432\u0444\u044b\u0432\u0435\u0437-\u043d\u0430\u0437\u0432\u0430\u043d\u0438\u044f-768x512.jpg 768w, https:\/\/skadimar.com\/wp-content\/uploads\/2025\/01\/\u0414\u0438\u0437\u0430\u0438\u0306\u043d-\u0431\u0444\u044b\u0432\u0444\u044b\u0432\u0435\u0437-\u043d\u0430\u0437\u0432\u0430\u043d\u0438\u044f.jpg 1075w\" sizes=\"(max-width: 800px) 100vw, 800px\" \/>\t\t\t\t\t\t\t\t\t\t\t\t\t\t\t<\/div>\n\t\t\t\t<\/div>\n\t\t\t\t<div class=\"elementor-element elementor-element-0af7937 elementor-widget-divider--view-line elementor-widget elementor-widget-divider\" data-id=\"0af7937\" data-element_type=\"widget\" data-e-type=\"widget\" data-widget_type=\"divider.default\">\n\t\t\t\t<div class=\"elementor-widget-container\">\n\t\t\t\t\t\t\t<div class=\"elementor-divider\">\n\t\t\t<span class=\"elementor-divider-separator\">\n\t\t\t\t\t\t<\/span>\n\t\t<\/div>\n\t\t\t\t\t\t<\/div>\n\t\t\t\t<\/div>\n\t\t\t\t<\/div>\n\t\t\t\t\t<\/div>\n\t\t\t\t<\/div>\n\t\t\t\t<\/div>\n\t\t","protected":false},"excerpt":{"rendered":"<p>HVAC a un livello superiore Qualit\u00e0 Italiana, Innovazione Globale Contattaci Qualit\u00e0 senza compromessi per ogni progetto: dalla breve consulenza all&#8217;impegno complesso a lungo termine Ingegnosit\u00e0 indiscutibile Soluzioni a 360\u00b0 per HVAC, refrigerazione ed energia Attenzione assoluta che si tratti di: PMI o societ\u00e0 globale SKADIMAR SKADIMAR \u00e8 stata fondata da un visionario il cui sogno [&hellip;]<\/p>\n","protected":false},"author":1,"featured_media":0,"parent":0,"menu_order":0,"comment_status":"closed","ping_status":"closed","template":"elementor_header_footer","meta":{"footnotes":""},"class_list":["post-542","page","type-page","status-publish","hentry"],"_links":{"self":[{"href":"https:\/\/skadimar.com\/it\/wp-json\/wp\/v2\/pages\/542","targetHints":{"allow":["GET"]}}],"collection":[{"href":"https:\/\/skadimar.com\/it\/wp-json\/wp\/v2\/pages"}],"about":[{"href":"https:\/\/skadimar.com\/it\/wp-json\/wp\/v2\/types\/page"}],"author":[{"embeddable":true,"href":"https:\/\/skadimar.com\/it\/wp-json\/wp\/v2\/users\/1"}],"replies":[{"embeddable":true,"href":"https:\/\/skadimar.com\/it\/wp-json\/wp\/v2\/comments?post=542"}],"version-history":[{"count":12,"href":"https:\/\/skadimar.com\/it\/wp-json\/wp\/v2\/pages\/542\/revisions"}],"predecessor-version":[{"id":820,"href":"https:\/\/skadimar.com\/it\/wp-json\/wp\/v2\/pages\/542\/revisions\/820"}],"wp:attachment":[{"href":"https:\/\/skadimar.com\/it\/wp-json\/wp\/v2\/media?parent=542"}],"curies":[{"name":"wp","href":"https:\/\/api.w.org\/{rel}","templated":true}]}}